{"id":5283,"date":"2015-05-13T15:06:33","date_gmt":"2015-05-13T13:06:33","guid":{"rendered":"https:\/\/www.giemme-elettronica.com\/informativa-sulluso-dei-cookie\/"},"modified":"2018-11-03T11:29:40","modified_gmt":"2018-11-03T10:29:40","slug":"cookie-policy","status":"publish","type":"page","link":"https:\/\/www.giemme-elettronica.com\/en\/cookie-policy\/","title":{"rendered":"Cookie policy"},"content":{"rendered":"<div class=\"fusion-fullwidth fullwidth-box fusion-builder-row-1 nonhundred-percent-fullwidth non-hundred-percent-height-scrolling\" style=\"--awb-border-radius-top-left:0px;--awb-border-radius-top-right:0px;--awb-border-radius-bottom-right:0px;--awb-border-radius-bottom-left:0px;--awb-flex-wrap:wrap;\" ><div class=\"fusion-builder-row fusion-row\"><div class=\"fusion-layout-column fusion_builder_column fusion-builder-column-0 fusion_builder_column_1_1 1_1 fusion-one-full fusion-column-first fusion-column-last\" style=\"--awb-bg-size:cover;--awb-margin-bottom:0px;\"><div class=\"fusion-column-wrapper fusion-flex-column-wrapper-legacy\"><div class=\"fusion-text fusion-text-1\"><p><strong>Uso dei cookie<\/strong><\/p>\n<p>Giemme-elettronica.com o il \u201cSito\u201d utilizza i Cookie per rendere i propri servizi semplici e efficienti per l\u2019utenza che visiona le pagine di giemme-elettronica.<\/p>\n<p>Gli utenti che visionano il Sito, vedranno inserite delle quantit\u00e0 minime di informazioni nei dispositivi in uso, che siano computer e periferiche mobili, in piccoli file di testo denominati \u201ccookie\u201d salvati nelle directory utilizzate dal browser web dell\u2019Utente.<\/p>\n<p>Vi sono vari tipi di cookie, alcuni per rendere pi\u00f9 efficace l\u2019uso del Sito, altri per abilitare determinate funzionalit\u00e0.<\/p>\n<p>Analizzandoli in maniera particolareggiata i nostri cookie permettono di:<\/p>\n<ul>\n<li>memorizzare le preferenze inserite<\/li>\n<li>evitare di reinserire le stesse informazioni pi\u00f9 volte durante la visita quali ad esempio nome utente e password<\/li>\n<li>analizzare l\u2019utilizzo dei servizi e dei contenuti forniti da giemme-elettronica.com per ottimizzarne l\u2019esperienza di navigazione e i servizi offerti<\/li>\n<\/ul>\n<p><strong>Tipologie di Cookie utilizzati da giemme-elettronica.com<\/strong><\/p>\n<p>A seguire i vari tipi di cookie utilizzati da giemme-elettronica in funzione delle finalit\u00e0 d\u2019uso<strong>\u00a0<\/strong><\/p>\n<p><strong>Cookie Tecnici<\/strong><\/p>\n<p>Questa tipologia di cookie permette il corretto funzionamento di alcune sezioni del Sito. Sono di due categorie: persistenti e di sessione:<\/p>\n<ul>\n<li>persistenti: una volta chiuso il browser non vengono distrutti ma rimangono fino ad una data di scadenza reimpostata<\/li>\n<li>di sessioni: vengono distrutti ogni volta che il browser viene chiuso<\/li>\n<\/ul>\n<p>Questi cookie, inviati sempre dal nostro dominio, sono necessari a visualizzare correttamente il sito e in relazione ai servizi tecnici offerti, verranno quindi sempre utilizzati e inviati, a meno che l\u2019utenza non modifichi le impostazioni nel proprio browser (inficiando cos\u00ec la visualizzazione delle pagine del sito).<\/p>\n<p><strong>Cookie per integrare prodotti e funzioni di software di terze parti<\/strong><\/p>\n<p>Questa tipologia di cookie integra funzionalit\u00e0 sviluppate da terzi all\u2019interno delle pagine del Sito come le icone e le preferenze espresse nei social network al fine di condivisione dei contenuti del sito o per l\u2019uso di servizi software di terze parti (come i software per generare le mappe e ulteriori software che offrono servizi aggiuntivi). Questi cookie sono inviati da domini di terze parti e da siti partner che offrono le loro funzionalit\u00e0 tra le pagine del Sito.<\/p>\n<p>Giemme-elettronica.com, secondo la normativa vigente, non \u00e8 tenuto a chiedere consenso per i cookie tecnici e di analytics, in quanto necessari a fornire i servizi richiesti.<\/p>\n<p>Per tutte le altre tipologie di cookie il consenso pu\u00f2 essere espresso dall\u2019Utente con una o pi\u00f9 di una delle seguenti modalit\u00e0:<\/p>\n<ul>\n<li>Mediante specifiche configurazioni del browser utilizzato o dei relativi programmi informatici utilizzati per navigare le pagine che compongono il Sito.<\/li>\n<li>Mediante modifica delle impostazioni nell\u2019uso dei servizi di terze parti<\/li>\n<\/ul>\n<p><strong>Cookie usati da questo sito<\/strong><\/p>\n<p>[render_cookies_list]<\/p>\n<p><strong>Siti Web e servizi di terze parti<\/strong><\/p>\n<p>Il Sito potrebbe contenere collegamenti ad altri siti Web che dispongono di una propria informativa sulla privacy che pu\u00f2 essere diverse da quella adottata da giemme-elettronica e che che quindi non risponde di questi siti.<\/p>\n<p>Facebook informativa: <a href=\"https:\/\/www.facebook.com\/help\/cookies\/\">https:\/\/www.facebook.com\/help\/cookies\/<\/a><\/p>\n<p>Facebook (configurazione): accedere al proprio account. Sezione privacy.<\/p>\n<p>Twitter informative: <a href=\"https:\/\/support.twitter.com\/articles\/20170514\">https:\/\/support.twitter.com\/articles\/20170514<\/a><\/p>\n<p>Twitter (configurazione): <a href=\"https:\/\/twitter.com\/settings\/security\">https:\/\/twitter.com\/settings\/security<\/a><\/p>\n<p>Linkedin informativa: <a href=\"https:\/\/www.linkedin.com\/legal\/cookie-policy\">https:\/\/www.linkedin.com\/legal\/cookie-policy<\/a><\/p>\n<p>Linkedin (configurazione): <a href=\"https:\/\/www.linkedin.com\/settings\/\">https:\/\/www.linkedin.com\/settings\/<\/a><\/p>\n<p>Google+ informativa: <a href=\"http:\/\/www.google.it\/intl\/it\/policies\/technologies\/cookies\/\">http:\/\/www.google.it\/intl\/it\/policies\/technologies\/cookies\/<\/a><\/p>\n<p>Google+ (configurazione): <a href=\"http:\/\/www.google.it\/intl\/it\/policies\/technologies\/managing\/\">http:\/\/www.google.it\/intl\/it\/policies\/technologies\/managing\/<\/a><\/p>\n<p><strong>Durata dei cookie<\/strong><\/p>\n<p>Alcuni cookie (cookie di sessione) restano attivi solo fino alla chiusura del browser o all\u2019esecuzione del comando di logout. Altri cookie \u201csopravvivono\u201d alla chiusura del browser e sono disponibili anche in successive visite dell\u2019utente.<\/p>\n<p>Questi cookie sono detti persistenti e la loro durata \u00e8 fissata dal server al momento della loro creazione. Nel caso del cookie relativo alla registrazione del consenso alla presente informativa la durata \u00e8 di 365 giorni.<\/p>\n<p>Navigando sulle pagine di questo sito, si pu\u00f2 interagire con siti gestiti da terze parti che possono creare o modificare cookie permanenti e di profilazione.<\/p>\n<p><strong>Gestione dei cookie<\/strong><\/p>\n<p>L\u2019utente pu\u00f2 decidere se accettare o meno i cookie utilizzando le impostazioni del proprio browser.<\/p>\n<p>Attenzione: la disabilitazione totale o parziale dei cookie tecnici pu\u00f2 compromettere l\u2019utilizzo delle funzionalit\u00e0 del sito riservate agli utenti registrati. Al contrario, la fruibilit\u00e0 dei contenuti pubblici \u00e8 possibile anche disabilitando completamente i cookie.<\/p>\n<p>La disabilitazione dei cookie \u201cterze parti\u201d non pregiudica in alcun modo la navigabilit\u00e0.<\/p>\n<p>L\u2019impostazione pu\u00f2 essere definita in modo specifico per i diversi siti e applicazioni web. Inoltre i migliori browserconsentono di definire impostazioni diverse per i cookie \u201cproprietari\u201d e per quelli di \u201cterze parti\u201d.<\/p>\n<p>A titolo di esempio, in Firefox, attraverso il menu Strumenti-&gt;Opzioni -&gt;Privacy, \u00e8 possibile accedere ad un pannello di controllo dove \u00e8 possibile definire se accettare o meno i diversi tipi di cookie e procedere alla loro rimozione.<\/p>\n<p>Chrome: <a href=\"https:\/\/support.google.com\/chrome\/answer\/95647?hl=it\">https:\/\/support.google.com\/chrome\/answer\/95647?hl=it<\/a><\/p>\n<p>Firefox: <a href=\"https:\/\/support.mozilla.org\/it\/kb\/Gestione%20dei%20cookie\">https:\/\/support.mozilla.org\/it\/kb\/Gestione%20dei%20cookie<\/a><\/p>\n<p>Internet Explorer: <a href=\"http:\/\/windows.microsoft.com\/it-it\/windows7\/how-to-manage-cookies-in-internet-explorer-9\">http:\/\/windows.microsoft.com\/it-it\/windows7\/how-to-manage-cookies-in-internet-explorer-9<\/a><\/p>\n<p>Opera: <a href=\"http:\/\/help.opera.com\/Windows\/10.00\/it\/cookies.html\">http:\/\/help.opera.com\/Windows\/10.00\/it\/cookies.html<\/a><\/p>\n<p>Safari: <a href=\"http:\/\/support.apple.com\/kb\/HT1677?viewlocale=it_IT\">http:\/\/support.apple.com\/kb\/HT1677?viewlocale=it_IT<\/a><\/p>\n<p><strong>Come disabilitare i cookie di servizi di terzi<\/strong><\/p>\n<ul>\n<li><a href=\"http:\/\/www.google.com\/ads\/preferences\/?hl=it\">Servizi di Google<\/a><\/li>\n<li><a href=\"https:\/\/www.facebook.com\/help\/cookies?ref_type=sitefooter\">Facebook<\/a><\/li>\n<li><a href=\"https:\/\/support.twitter.com\/articles\/20170519-uso-dei-cookie-e-di-altre-tecnologie-simili-da-parte-di-twitter\">Twitter<\/a><\/li>\n<\/ul>\n<p>Questa pagina \u00e8 visibile, mediante link in calce in tutte le pagine del Sito ai sensi dell\u2019art. 122 secondo comma del D.lgs. 196\/2003 e a seguito delle modalit\u00e0 semplificate per l\u2019informativa e l\u2019acquisizione del consenso per l\u2019uso dei cookie pubblicata sulla Gazzetta Ufficiale n.126 del 3 giugno 2014 e relativo registro dei provvedimenti n.229 dell\u20198 maggio 2014.<\/p>\n<p><strong>Aggiornamento dell\u2019informativa<\/strong><\/p>\n<p>Il titolare del presente sito web manterr\u00e0 la presente informativa costantemente aggiornata. La sezione \u201cULTIMO AGGIORNAMENTO\u201d in calce alla pagina indica la data in cui l\u2019informativa \u00e8 stata aggiornata.<\/p>\n<p>Data dell\u2019ULTIMO AGGIORNAMENTO: 15\/6\/2015<\/p>\n<\/div><div class=\"fusion-clearfix\"><\/div><\/div><\/div><\/div><\/div>\n","protected":false},"excerpt":{"rendered":"","protected":false},"author":1,"featured_media":0,"parent":0,"menu_order":0,"comment_status":"closed","ping_status":"open","template":"","meta":{"footnotes":""},"class_list":["post-5283","page","type-page","status-publish","hentry"],"yoast_head":"<!-- This site is optimized with the Yoast SEO plugin v27.1.1 - https:\/\/yoast.com\/product\/yoast-seo-wordpress\/ -->\n<title>Cookie policy - Giemme Elettronica Srl<\/title>\n<meta name=\"description\" content=\"Il sito web giemme-elettronica.com utilizzano cookie e tecnologie simili per garantire il corretto funzionamento delle procedure e migliorare l&#039;esperienza di uso delle applicazioni online.\" \/>\n<meta name=\"robots\" content=\"index, follow, max-snippet:-1, max-image-preview:large, max-video-preview:-1\" \/>\n<link rel=\"canonical\" href=\"https:\/\/www.giemme-elettronica.com\/en\/cookie-policy\/\" \/>\n<meta property=\"og:locale\" content=\"en_US\" \/>\n<meta property=\"og:type\" content=\"article\" \/>\n<meta property=\"og:title\" content=\"Cookie policy - Giemme Elettronica Srl\" \/>\n<meta property=\"og:description\" content=\"Il sito web giemme-elettronica.com utilizzano cookie e tecnologie simili per garantire il corretto funzionamento delle procedure e migliorare l&#039;esperienza di uso delle applicazioni online.\" \/>\n<meta property=\"og:url\" content=\"https:\/\/www.giemme-elettronica.com\/en\/cookie-policy\/\" \/>\n<meta property=\"og:site_name\" content=\"Giemme Elettronica Srl\" \/>\n<meta property=\"article:modified_time\" content=\"2018-11-03T10:29:40+00:00\" \/>\n<meta name=\"twitter:label1\" content=\"Est. reading time\" \/>\n\t<meta name=\"twitter:data1\" content=\"6 minutes\" \/>\n<script type=\"application\/ld+json\" class=\"yoast-schema-graph\">{\"@context\":\"https:\/\/schema.org\",\"@graph\":[{\"@type\":\"WebPage\",\"@id\":\"https:\/\/www.giemme-elettronica.com\/en\/cookie-policy\/\",\"url\":\"https:\/\/www.giemme-elettronica.com\/en\/cookie-policy\/\",\"name\":\"Cookie policy - Giemme Elettronica Srl\",\"isPartOf\":{\"@id\":\"https:\/\/www.giemme-elettronica.com\/#website\"},\"datePublished\":\"2015-05-13T13:06:33+00:00\",\"dateModified\":\"2018-11-03T10:29:40+00:00\",\"description\":\"Il sito web giemme-elettronica.com utilizzano cookie e tecnologie simili per garantire il corretto funzionamento delle procedure e migliorare l'esperienza di uso delle applicazioni online.\",\"breadcrumb\":{\"@id\":\"https:\/\/www.giemme-elettronica.com\/en\/cookie-policy\/#breadcrumb\"},\"inLanguage\":\"en-US\",\"potentialAction\":[{\"@type\":\"ReadAction\",\"target\":[\"https:\/\/www.giemme-elettronica.com\/en\/cookie-policy\/\"]}]},{\"@type\":\"BreadcrumbList\",\"@id\":\"https:\/\/www.giemme-elettronica.com\/en\/cookie-policy\/#breadcrumb\",\"itemListElement\":[{\"@type\":\"ListItem\",\"position\":1,\"name\":\"Home\",\"item\":\"https:\/\/www.giemme-elettronica.com\/en\/\"},{\"@type\":\"ListItem\",\"position\":2,\"name\":\"Cookie policy\"}]},{\"@type\":\"WebSite\",\"@id\":\"https:\/\/www.giemme-elettronica.com\/#website\",\"url\":\"https:\/\/www.giemme-elettronica.com\/\",\"name\":\"Giemme Elettronica Srl\",\"description\":\"Collaudi e riparazione di apparati elettronici\",\"potentialAction\":[{\"@type\":\"SearchAction\",\"target\":{\"@type\":\"EntryPoint\",\"urlTemplate\":\"https:\/\/www.giemme-elettronica.com\/?s={search_term_string}\"},\"query-input\":{\"@type\":\"PropertyValueSpecification\",\"valueRequired\":true,\"valueName\":\"search_term_string\"}}],\"inLanguage\":\"en-US\"}]}<\/script>\n<!-- \/ Yoast SEO plugin. -->","yoast_head_json":{"title":"Cookie policy - Giemme Elettronica Srl","description":"Il sito web giemme-elettronica.com utilizzano cookie e tecnologie simili per garantire il corretto funzionamento delle procedure e migliorare l'esperienza di uso delle applicazioni online.","robots":{"index":"index","follow":"follow","max-snippet":"max-snippet:-1","max-image-preview":"max-image-preview:large","max-video-preview":"max-video-preview:-1"},"canonical":"https:\/\/www.giemme-elettronica.com\/en\/cookie-policy\/","og_locale":"en_US","og_type":"article","og_title":"Cookie policy - Giemme Elettronica Srl","og_description":"Il sito web giemme-elettronica.com utilizzano cookie e tecnologie simili per garantire il corretto funzionamento delle procedure e migliorare l'esperienza di uso delle applicazioni online.","og_url":"https:\/\/www.giemme-elettronica.com\/en\/cookie-policy\/","og_site_name":"Giemme Elettronica Srl","article_modified_time":"2018-11-03T10:29:40+00:00","twitter_misc":{"Est. reading time":"6 minutes"},"schema":{"@context":"https:\/\/schema.org","@graph":[{"@type":"WebPage","@id":"https:\/\/www.giemme-elettronica.com\/en\/cookie-policy\/","url":"https:\/\/www.giemme-elettronica.com\/en\/cookie-policy\/","name":"Cookie policy - Giemme Elettronica Srl","isPartOf":{"@id":"https:\/\/www.giemme-elettronica.com\/#website"},"datePublished":"2015-05-13T13:06:33+00:00","dateModified":"2018-11-03T10:29:40+00:00","description":"Il sito web giemme-elettronica.com utilizzano cookie e tecnologie simili per garantire il corretto funzionamento delle procedure e migliorare l'esperienza di uso delle applicazioni online.","breadcrumb":{"@id":"https:\/\/www.giemme-elettronica.com\/en\/cookie-policy\/#breadcrumb"},"inLanguage":"en-US","potentialAction":[{"@type":"ReadAction","target":["https:\/\/www.giemme-elettronica.com\/en\/cookie-policy\/"]}]},{"@type":"BreadcrumbList","@id":"https:\/\/www.giemme-elettronica.com\/en\/cookie-policy\/#breadcrumb","itemListElement":[{"@type":"ListItem","position":1,"name":"Home","item":"https:\/\/www.giemme-elettronica.com\/en\/"},{"@type":"ListItem","position":2,"name":"Cookie policy"}]},{"@type":"WebSite","@id":"https:\/\/www.giemme-elettronica.com\/#website","url":"https:\/\/www.giemme-elettronica.com\/","name":"Giemme Elettronica Srl","description":"Collaudi e riparazione di apparati elettronici","potentialAction":[{"@type":"SearchAction","target":{"@type":"EntryPoint","urlTemplate":"https:\/\/www.giemme-elettronica.com\/?s={search_term_string}"},"query-input":{"@type":"PropertyValueSpecification","valueRequired":true,"valueName":"search_term_string"}}],"inLanguage":"en-US"}]}},"_links":{"self":[{"href":"https:\/\/www.giemme-elettronica.com\/en\/wp-json\/wp\/v2\/pages\/5283","targetHints":{"allow":["GET"]}}],"collection":[{"href":"https:\/\/www.giemme-elettronica.com\/en\/wp-json\/wp\/v2\/pages"}],"about":[{"href":"https:\/\/www.giemme-elettronica.com\/en\/wp-json\/wp\/v2\/types\/page"}],"author":[{"embeddable":true,"href":"https:\/\/www.giemme-elettronica.com\/en\/wp-json\/wp\/v2\/users\/1"}],"replies":[{"embeddable":true,"href":"https:\/\/www.giemme-elettronica.com\/en\/wp-json\/wp\/v2\/comments?post=5283"}],"version-history":[{"count":2,"href":"https:\/\/www.giemme-elettronica.com\/en\/wp-json\/wp\/v2\/pages\/5283\/revisions"}],"predecessor-version":[{"id":5399,"href":"https:\/\/www.giemme-elettronica.com\/en\/wp-json\/wp\/v2\/pages\/5283\/revisions\/5399"}],"wp:attachment":[{"href":"https:\/\/www.giemme-elettronica.com\/en\/wp-json\/wp\/v2\/media?parent=5283"}],"curies":[{"name":"wp","href":"https:\/\/api.w.org\/{rel}","templated":true}]}}